{"id":2722,"date":"2018-12-03T16:08:33","date_gmt":"2018-12-03T16:08:33","guid":{"rendered":"http:\/\/dldf.2dig.it\/experience\/"},"modified":"2021-06-10T16:41:28","modified_gmt":"2021-06-10T14:41:28","slug":"experience-divertissement-caorle","status":"publish","type":"page","link":"https:\/\/diladalfiume.com\/fr\/experience-divertissement-caorle\/","title":{"rendered":"Exp\u00e9rience"},"content":{"rendered":"","protected":false},"excerpt":{"rendered":"<p> [&#8230;]<\/p>\n<p><a class=\"btn btn-secondary understrap-read-more-link\" href=\"https:\/\/diladalfiume.com\/fr\/experience-divertissement-caorle\/\">Lire la suite&#8230;<\/a><\/p>\n","protected":false},"author":10,"featured_media":2982,"parent":0,"menu_order":60,"comment_status":"closed","ping_status":"closed","template":"tmpl-experience.php","meta":{"footnotes":""},"yoast_head":"<!-- This site is optimized with the Yoast SEO plugin v21.0 - https:\/\/yoast.com\/wordpress\/plugins\/seo\/ -->\n<title>Exp\u00e9rience\u00a0: Divertissement \u00e0 Caorle - Agritourisme Di l\u00e0 dal Fiume<\/title>\n<meta name=\"description\" content=\"L\u2019agritourisme et le territoire offrent une infinit\u00e9 de possibilit\u00e9s de loisirs, de d\u00e9tente et de nouvelles exp\u00e9riences pour les adultes et les enfants : nature, paysages, divertissement et saveurs.\" \/>\n<meta name=\"robots\" content=\"index, follow, max-snippet:-1, max-image-preview:large, max-video-preview:-1\" \/>\n<link rel=\"canonical\" href=\"https:\/\/diladalfiume.com\/experience-attivita-svago-relax-caorle\/\" \/>\n<meta property=\"og:locale\" content=\"fr_FR\" \/>\n<meta property=\"og:type\" content=\"article\" \/>\n<meta property=\"og:title\" content=\"Exp\u00e9rience\u00a0: Divertissement \u00e0 Caorle - Agritourisme Di l\u00e0 dal Fiume\" \/>\n<meta property=\"og:description\" content=\"L\u2019agritourisme et le territoire offrent une infinit\u00e9 de possibilit\u00e9s de loisirs, de d\u00e9tente et de nouvelles exp\u00e9riences pour les adultes et les enfants : nature, paysages, divertissement et saveurs.\" \/>\n<meta property=\"og:url\" content=\"https:\/\/diladalfiume.com\/experience-attivita-svago-relax-caorle\/\" \/>\n<meta property=\"og:site_name\" content=\"Di l\u00e0 dal Fiume\" \/>\n<meta property=\"article:modified_time\" content=\"2021-06-10T14:41:28+00:00\" \/>\n<meta property=\"og:image\" content=\"https:\/\/diladalfiume.com\/wp-content\/uploads\/2019\/03\/1920_experience3.jpg\" \/>\n\t<meta property=\"og:image:width\" content=\"1920\" \/>\n\t<meta property=\"og:image:height\" content=\"650\" \/>\n\t<meta property=\"og:image:type\" content=\"image\/jpeg\" \/>\n<meta name=\"twitter:card\" content=\"summary_large_image\" \/>\n<script type=\"application\/ld+json\" class=\"yoast-schema-graph\">{\"@context\":\"https:\/\/schema.org\",\"@graph\":[{\"@type\":\"WebPage\",\"@id\":\"https:\/\/diladalfiume.com\/experience-attivita-svago-relax-caorle\/\",\"url\":\"https:\/\/diladalfiume.com\/experience-attivita-svago-relax-caorle\/\",\"name\":\"Exp\u00e9rience\u00a0: Divertissement \u00e0 Caorle - Agritourisme Di l\u00e0 dal Fiume\",\"isPartOf\":{\"@id\":\"https:\/\/diladalfiume.com\/#website\"},\"datePublished\":\"2018-12-03T16:08:33+00:00\",\"dateModified\":\"2021-06-10T14:41:28+00:00\",\"description\":\"L\u2019agritourisme et le territoire offrent une infinit\u00e9 de possibilit\u00e9s de loisirs, de d\u00e9tente et de nouvelles exp\u00e9riences pour les adultes et les enfants : nature, paysages, divertissement et saveurs.\",\"breadcrumb\":{\"@id\":\"https:\/\/diladalfiume.com\/experience-attivita-svago-relax-caorle\/#breadcrumb\"},\"inLanguage\":\"fr-FR\",\"potentialAction\":[{\"@type\":\"ReadAction\",\"target\":[\"https:\/\/diladalfiume.com\/experience-attivita-svago-relax-caorle\/\"]}]},{\"@type\":\"BreadcrumbList\",\"@id\":\"https:\/\/diladalfiume.com\/experience-attivita-svago-relax-caorle\/#breadcrumb\",\"itemListElement\":[{\"@type\":\"ListItem\",\"position\":1,\"name\":\"Home\",\"item\":\"https:\/\/diladalfiume.com\/fr\/\"},{\"@type\":\"ListItem\",\"position\":2,\"name\":\"Exp\u00e9rience\"}]},{\"@type\":\"WebSite\",\"@id\":\"https:\/\/diladalfiume.com\/#website\",\"url\":\"https:\/\/diladalfiume.com\/\",\"name\":\"Di l\u00e0 dal Fiume\",\"description\":\"Caorle, Venezia\",\"publisher\":{\"@id\":\"https:\/\/diladalfiume.com\/#organization\"},\"potentialAction\":[{\"@type\":\"SearchAction\",\"target\":{\"@type\":\"EntryPoint\",\"urlTemplate\":\"https:\/\/diladalfiume.com\/?s={search_term_string}\"},\"query-input\":\"required name=search_term_string\"}],\"inLanguage\":\"fr-FR\"},{\"@type\":\"Organization\",\"@id\":\"https:\/\/diladalfiume.com\/#organization\",\"name\":\"Di l\u00e0 dal Fiume\",\"url\":\"https:\/\/diladalfiume.com\/\",\"logo\":{\"@type\":\"ImageObject\",\"inLanguage\":\"fr-FR\",\"@id\":\"https:\/\/diladalfiume.com\/#\/schema\/logo\/image\/\",\"url\":\"https:\/\/diladalfiume.com\/wp-content\/uploads\/2025\/01\/diladalfiume.png\",\"contentUrl\":\"https:\/\/diladalfiume.com\/wp-content\/uploads\/2025\/01\/diladalfiume.png\",\"width\":1182,\"height\":353,\"caption\":\"Di l\u00e0 dal Fiume\"},\"image\":{\"@id\":\"https:\/\/diladalfiume.com\/#\/schema\/logo\/image\/\"}}]}<\/script>\n<!-- \/ Yoast SEO plugin. -->","yoast_head_json":{"title":"Exp\u00e9rience\u00a0: Divertissement \u00e0 Caorle - Agritourisme Di l\u00e0 dal Fiume","description":"L\u2019agritourisme et le territoire offrent une infinit\u00e9 de possibilit\u00e9s de loisirs, de d\u00e9tente et de nouvelles exp\u00e9riences pour les adultes et les enfants : nature, paysages, divertissement et saveurs.","robots":{"index":"index","follow":"follow","max-snippet":"max-snippet:-1","max-image-preview":"max-image-preview:large","max-video-preview":"max-video-preview:-1"},"canonical":"https:\/\/diladalfiume.com\/experience-attivita-svago-relax-caorle\/","og_locale":"fr_FR","og_type":"article","og_title":"Exp\u00e9rience\u00a0: Divertissement \u00e0 Caorle - Agritourisme Di l\u00e0 dal Fiume","og_description":"L\u2019agritourisme et le territoire offrent une infinit\u00e9 de possibilit\u00e9s de loisirs, de d\u00e9tente et de nouvelles exp\u00e9riences pour les adultes et les enfants : nature, paysages, divertissement et saveurs.","og_url":"https:\/\/diladalfiume.com\/experience-attivita-svago-relax-caorle\/","og_site_name":"Di l\u00e0 dal Fiume","article_modified_time":"2021-06-10T14:41:28+00:00","og_image":[{"width":1920,"height":650,"url":"https:\/\/diladalfiume.com\/wp-content\/uploads\/2019\/03\/1920_experience3.jpg","type":"image\/jpeg"}],"twitter_card":"summary_large_image","schema":{"@context":"https:\/\/schema.org","@graph":[{"@type":"WebPage","@id":"https:\/\/diladalfiume.com\/experience-attivita-svago-relax-caorle\/","url":"https:\/\/diladalfiume.com\/experience-attivita-svago-relax-caorle\/","name":"Exp\u00e9rience\u00a0: Divertissement \u00e0 Caorle - Agritourisme Di l\u00e0 dal Fiume","isPartOf":{"@id":"https:\/\/diladalfiume.com\/#website"},"datePublished":"2018-12-03T16:08:33+00:00","dateModified":"2021-06-10T14:41:28+00:00","description":"L\u2019agritourisme et le territoire offrent une infinit\u00e9 de possibilit\u00e9s de loisirs, de d\u00e9tente et de nouvelles exp\u00e9riences pour les adultes et les enfants : nature, paysages, divertissement et saveurs.","breadcrumb":{"@id":"https:\/\/diladalfiume.com\/experience-attivita-svago-relax-caorle\/#breadcrumb"},"inLanguage":"fr-FR","potentialAction":[{"@type":"ReadAction","target":["https:\/\/diladalfiume.com\/experience-attivita-svago-relax-caorle\/"]}]},{"@type":"BreadcrumbList","@id":"https:\/\/diladalfiume.com\/experience-attivita-svago-relax-caorle\/#breadcrumb","itemListElement":[{"@type":"ListItem","position":1,"name":"Home","item":"https:\/\/diladalfiume.com\/fr\/"},{"@type":"ListItem","position":2,"name":"Exp\u00e9rience"}]},{"@type":"WebSite","@id":"https:\/\/diladalfiume.com\/#website","url":"https:\/\/diladalfiume.com\/","name":"Di l\u00e0 dal Fiume","description":"Caorle, Venezia","publisher":{"@id":"https:\/\/diladalfiume.com\/#organization"},"potentialAction":[{"@type":"SearchAction","target":{"@type":"EntryPoint","urlTemplate":"https:\/\/diladalfiume.com\/?s={search_term_string}"},"query-input":"required name=search_term_string"}],"inLanguage":"fr-FR"},{"@type":"Organization","@id":"https:\/\/diladalfiume.com\/#organization","name":"Di l\u00e0 dal Fiume","url":"https:\/\/diladalfiume.com\/","logo":{"@type":"ImageObject","inLanguage":"fr-FR","@id":"https:\/\/diladalfiume.com\/#\/schema\/logo\/image\/","url":"https:\/\/diladalfiume.com\/wp-content\/uploads\/2025\/01\/diladalfiume.png","contentUrl":"https:\/\/diladalfiume.com\/wp-content\/uploads\/2025\/01\/diladalfiume.png","width":1182,"height":353,"caption":"Di l\u00e0 dal Fiume"},"image":{"@id":"https:\/\/diladalfiume.com\/#\/schema\/logo\/image\/"}}]}},"_links":{"self":[{"href":"https:\/\/diladalfiume.com\/fr\/wp-json\/wp\/v2\/pages\/2722"}],"collection":[{"href":"https:\/\/diladalfiume.com\/fr\/wp-json\/wp\/v2\/pages"}],"about":[{"href":"https:\/\/diladalfiume.com\/fr\/wp-json\/wp\/v2\/types\/page"}],"author":[{"embeddable":true,"href":"https:\/\/diladalfiume.com\/fr\/wp-json\/wp\/v2\/users\/10"}],"replies":[{"embeddable":true,"href":"https:\/\/diladalfiume.com\/fr\/wp-json\/wp\/v2\/comments?post=2722"}],"version-history":[{"count":6,"href":"https:\/\/diladalfiume.com\/fr\/wp-json\/wp\/v2\/pages\/2722\/revisions"}],"predecessor-version":[{"id":4243,"href":"https:\/\/diladalfiume.com\/fr\/wp-json\/wp\/v2\/pages\/2722\/revisions\/4243"}],"wp:featuredmedia":[{"embeddable":true,"href":"https:\/\/diladalfiume.com\/fr\/wp-json\/wp\/v2\/media\/2982"}],"wp:attachment":[{"href":"https:\/\/diladalfiume.com\/fr\/wp-json\/wp\/v2\/media?parent=2722"}],"curies":[{"name":"wp","href":"https:\/\/api.w.org\/{rel}","templated":true}]}}