{"id":2557,"date":"2018-11-28T13:40:13","date_gmt":"2018-11-28T13:40:13","guid":{"rendered":"http:\/\/dldf.2dig.it\/index\/"},"modified":"2022-03-19T16:47:03","modified_gmt":"2022-03-19T15:47:03","slug":"index","status":"publish","type":"page","link":"https:\/\/diladalfiume.com\/de\/","title":{"rendered":"Index"},"content":{"rendered":"","protected":false},"excerpt":{"rendered":"<p> [&#8230;]<\/p>\n<p><a class=\"btn btn-secondary understrap-read-more-link\" href=\"https:\/\/diladalfiume.com\/de\/\">Weiterlesen&#8230;<\/a><\/p>\n","protected":false},"author":10,"featured_media":0,"parent":0,"menu_order":0,"comment_status":"closed","ping_status":"closed","template":"tmpl-home.php","meta":{"footnotes":""},"yoast_head":"<!-- This site is optimized with the Yoast SEO plugin v21.0 - https:\/\/yoast.com\/wordpress\/plugins\/seo\/ -->\n<title>Ferienbauernhof Di l\u00e0 dal Fiume - Ferienbauernhof in Caorle<\/title>\n<meta name=\"description\" content=\"Di l\u00e0 dal Fiume: Ferienbauernhof in Caorle mit Pool und Bauernh\u00e4usern mitten im Gr\u00fcnen in einem ausgedehnten Garten. Eine Oase des Wohlbefindens und der Ruhe.\" \/>\n<meta name=\"robots\" content=\"index, follow, max-snippet:-1, max-image-preview:large, max-video-preview:-1\" \/>\n<link rel=\"canonical\" href=\"https:\/\/diladalfiume.com\/\" \/>\n<meta property=\"og:locale\" content=\"de_DE\" \/>\n<meta property=\"og:type\" content=\"article\" \/>\n<meta property=\"og:title\" content=\"Ferienbauernhof Di l\u00e0 dal Fiume - Ferienbauernhof in Caorle\" \/>\n<meta property=\"og:description\" content=\"Di l\u00e0 dal Fiume: Ferienbauernhof in Caorle mit Pool und Bauernh\u00e4usern mitten im Gr\u00fcnen in einem ausgedehnten Garten. Eine Oase des Wohlbefindens und der Ruhe.\" \/>\n<meta property=\"og:url\" content=\"https:\/\/diladalfiume.com\/\" \/>\n<meta property=\"og:site_name\" content=\"Di l\u00e0 dal Fiume\" \/>\n<meta property=\"article:modified_time\" content=\"2022-03-19T15:47:03+00:00\" \/>\n<meta name=\"twitter:card\" content=\"summary_large_image\" \/>\n<script type=\"application\/ld+json\" class=\"yoast-schema-graph\">{\"@context\":\"https:\/\/schema.org\",\"@graph\":[{\"@type\":\"WebPage\",\"@id\":\"https:\/\/diladalfiume.com\/\",\"url\":\"https:\/\/diladalfiume.com\/\",\"name\":\"Ferienbauernhof Di l\u00e0 dal Fiume - Ferienbauernhof in Caorle\",\"isPartOf\":{\"@id\":\"https:\/\/diladalfiume.com\/#website\"},\"datePublished\":\"2018-11-28T13:40:13+00:00\",\"dateModified\":\"2022-03-19T15:47:03+00:00\",\"description\":\"Di l\u00e0 dal Fiume: Ferienbauernhof in Caorle mit Pool und Bauernh\u00e4usern mitten im Gr\u00fcnen in einem ausgedehnten Garten. Eine Oase des Wohlbefindens und der Ruhe.\",\"breadcrumb\":{\"@id\":\"https:\/\/diladalfiume.com\/#breadcrumb\"},\"inLanguage\":\"de\",\"potentialAction\":[{\"@type\":\"ReadAction\",\"target\":[\"https:\/\/diladalfiume.com\/\"]}]},{\"@type\":\"BreadcrumbList\",\"@id\":\"https:\/\/diladalfiume.com\/#breadcrumb\",\"itemListElement\":[{\"@type\":\"ListItem\",\"position\":1,\"name\":\"Home\",\"item\":\"https:\/\/diladalfiume.com\/\"},{\"@type\":\"ListItem\",\"position\":2,\"name\":\"Index\"}]},{\"@type\":\"WebSite\",\"@id\":\"https:\/\/diladalfiume.com\/#website\",\"url\":\"https:\/\/diladalfiume.com\/\",\"name\":\"Di l\u00e0 dal Fiume\",\"description\":\"Caorle, Venezia\",\"publisher\":{\"@id\":\"https:\/\/diladalfiume.com\/#organization\"},\"potentialAction\":[{\"@type\":\"SearchAction\",\"target\":{\"@type\":\"EntryPoint\",\"urlTemplate\":\"https:\/\/diladalfiume.com\/?s={search_term_string}\"},\"query-input\":\"required name=search_term_string\"}],\"inLanguage\":\"de\"},{\"@type\":\"Organization\",\"@id\":\"https:\/\/diladalfiume.com\/#organization\",\"name\":\"Di l\u00e0 dal Fiume\",\"url\":\"https:\/\/diladalfiume.com\/\",\"logo\":{\"@type\":\"ImageObject\",\"inLanguage\":\"de\",\"@id\":\"https:\/\/diladalfiume.com\/#\/schema\/logo\/image\/\",\"url\":\"https:\/\/diladalfiume.com\/wp-content\/uploads\/2025\/01\/diladalfiume.png\",\"contentUrl\":\"https:\/\/diladalfiume.com\/wp-content\/uploads\/2025\/01\/diladalfiume.png\",\"width\":1182,\"height\":353,\"caption\":\"Di l\u00e0 dal Fiume\"},\"image\":{\"@id\":\"https:\/\/diladalfiume.com\/#\/schema\/logo\/image\/\"}}]}<\/script>\n<!-- \/ Yoast SEO plugin. -->","yoast_head_json":{"title":"Ferienbauernhof Di l\u00e0 dal Fiume - Ferienbauernhof in Caorle","description":"Di l\u00e0 dal Fiume: Ferienbauernhof in Caorle mit Pool und Bauernh\u00e4usern mitten im Gr\u00fcnen in einem ausgedehnten Garten. Eine Oase des Wohlbefindens und der Ruhe.","robots":{"index":"index","follow":"follow","max-snippet":"max-snippet:-1","max-image-preview":"max-image-preview:large","max-video-preview":"max-video-preview:-1"},"canonical":"https:\/\/diladalfiume.com\/","og_locale":"de_DE","og_type":"article","og_title":"Ferienbauernhof Di l\u00e0 dal Fiume - Ferienbauernhof in Caorle","og_description":"Di l\u00e0 dal Fiume: Ferienbauernhof in Caorle mit Pool und Bauernh\u00e4usern mitten im Gr\u00fcnen in einem ausgedehnten Garten. Eine Oase des Wohlbefindens und der Ruhe.","og_url":"https:\/\/diladalfiume.com\/","og_site_name":"Di l\u00e0 dal Fiume","article_modified_time":"2022-03-19T15:47:03+00:00","twitter_card":"summary_large_image","schema":{"@context":"https:\/\/schema.org","@graph":[{"@type":"WebPage","@id":"https:\/\/diladalfiume.com\/","url":"https:\/\/diladalfiume.com\/","name":"Ferienbauernhof Di l\u00e0 dal Fiume - Ferienbauernhof in Caorle","isPartOf":{"@id":"https:\/\/diladalfiume.com\/#website"},"datePublished":"2018-11-28T13:40:13+00:00","dateModified":"2022-03-19T15:47:03+00:00","description":"Di l\u00e0 dal Fiume: Ferienbauernhof in Caorle mit Pool und Bauernh\u00e4usern mitten im Gr\u00fcnen in einem ausgedehnten Garten. Eine Oase des Wohlbefindens und der Ruhe.","breadcrumb":{"@id":"https:\/\/diladalfiume.com\/#breadcrumb"},"inLanguage":"de","potentialAction":[{"@type":"ReadAction","target":["https:\/\/diladalfiume.com\/"]}]},{"@type":"BreadcrumbList","@id":"https:\/\/diladalfiume.com\/#breadcrumb","itemListElement":[{"@type":"ListItem","position":1,"name":"Home","item":"https:\/\/diladalfiume.com\/"},{"@type":"ListItem","position":2,"name":"Index"}]},{"@type":"WebSite","@id":"https:\/\/diladalfiume.com\/#website","url":"https:\/\/diladalfiume.com\/","name":"Di l\u00e0 dal Fiume","description":"Caorle, Venezia","publisher":{"@id":"https:\/\/diladalfiume.com\/#organization"},"potentialAction":[{"@type":"SearchAction","target":{"@type":"EntryPoint","urlTemplate":"https:\/\/diladalfiume.com\/?s={search_term_string}"},"query-input":"required name=search_term_string"}],"inLanguage":"de"},{"@type":"Organization","@id":"https:\/\/diladalfiume.com\/#organization","name":"Di l\u00e0 dal Fiume","url":"https:\/\/diladalfiume.com\/","logo":{"@type":"ImageObject","inLanguage":"de","@id":"https:\/\/diladalfiume.com\/#\/schema\/logo\/image\/","url":"https:\/\/diladalfiume.com\/wp-content\/uploads\/2025\/01\/diladalfiume.png","contentUrl":"https:\/\/diladalfiume.com\/wp-content\/uploads\/2025\/01\/diladalfiume.png","width":1182,"height":353,"caption":"Di l\u00e0 dal Fiume"},"image":{"@id":"https:\/\/diladalfiume.com\/#\/schema\/logo\/image\/"}}]}},"_links":{"self":[{"href":"https:\/\/diladalfiume.com\/de\/wp-json\/wp\/v2\/pages\/2557"}],"collection":[{"href":"https:\/\/diladalfiume.com\/de\/wp-json\/wp\/v2\/pages"}],"about":[{"href":"https:\/\/diladalfiume.com\/de\/wp-json\/wp\/v2\/types\/page"}],"author":[{"embeddable":true,"href":"https:\/\/diladalfiume.com\/de\/wp-json\/wp\/v2\/users\/10"}],"replies":[{"embeddable":true,"href":"https:\/\/diladalfiume.com\/de\/wp-json\/wp\/v2\/comments?post=2557"}],"version-history":[{"count":10,"href":"https:\/\/diladalfiume.com\/de\/wp-json\/wp\/v2\/pages\/2557\/revisions"}],"predecessor-version":[{"id":4323,"href":"https:\/\/diladalfiume.com\/de\/wp-json\/wp\/v2\/pages\/2557\/revisions\/4323"}],"wp:attachment":[{"href":"https:\/\/diladalfiume.com\/de\/wp-json\/wp\/v2\/media?parent=2557"}],"curies":[{"name":"wp","href":"https:\/\/api.w.org\/{rel}","templated":true}]}}